{"id":20,"date":"2025-07-31T11:24:11","date_gmt":"2025-07-31T09:24:11","guid":{"rendered":"https:\/\/danzacontemporanea.eu\/?page_id=20"},"modified":"2025-12-03T11:50:07","modified_gmt":"2025-12-03T10:50:07","slug":"presentazione","status":"publish","type":"page","link":"https:\/\/danzacontemporanea.eu\/","title":{"rendered":"Presentazione"},"content":{"rendered":"\n<p class=\"has-medium-font-size\">Ci sono esperienze che arricchiscono, lasciano il segno e aiutano a guardare oltre.<\/p>\n\n\n\n<p class=\"has-medium-font-size\"><strong>CONTEMPORANEA<\/strong> \u00e8 una di queste.<\/p>\n\n\n\n<p class=\"has-medium-font-size\">Un progetto pensato per giovani danzatori e danzatrici che desiderano approfondire il linguaggio della danza contemporanea, in un contesto dedicato alla crescita personale e artistica. Un\u2019opportunit\u00e0 concreta per mettersi in gioco, sperimentare, confrontarsi con nuovi stimoli e lavorare al fianco di professionisti riconosciuti.<\/p>\n\n\n\n<p class=\"has-medium-font-size\">Il percorso si sviluppa a <strong>Salerno<\/strong>, da <strong>marzo a luglio 2026<\/strong>, con un incontro al mese &#8211; sabato pomeriggio (JUNIOR) e domenica (SENIOR).<\/p>\n\n\n\n<p class=\"has-medium-font-size\">Ogni weekend \u00e8 un momento speciale, pensato per ampliare le competenze tecniche ed espressive dei partecipanti, stimolando ricerca, creativit\u00e0 e condivisione.<\/p>\n\n\n\n<p class=\"has-medium-font-size\"><a><strong>Due livelli di partecipazione:<\/strong><\/a><\/p>\n\n\n\n<ul class=\"wp-block-list\">\n<li class=\"has-medium-font-size\"><strong>JUNIOR<\/strong> \u2013 allievi\/e dagli 11 ai 13 anni<\/li>\n\n\n\n<li class=\"has-medium-font-size\"><strong>SENIOR<\/strong> \u2013 allievi\/e dai 14 anni in su<\/li>\n<\/ul>\n\n\n\n<p class=\"has-medium-font-size\"><strong>L\u2019accesso \u00e8 riservato ai vincitori di borsa di studio e a chi supera un\u2019audizione online<\/strong> con un video da inviare a: audizione@danzacontemporanea.eu<br>Il corso \u00e8 a <strong>numero chiuso<\/strong>, per garantire un\u2019attenzione mirata e un ambiente di lavoro sereno e stimolante.<\/p>\n\n\n\n<p class=\"has-medium-font-size\"><strong>CONTEMPORANEA<\/strong> non propone un modello da seguire, ma un\u2019opportunit\u00e0 da vivere: un cammino che mette al centro ogni singolo allievo, i suoi tempi, la sua unicit\u00e0, le sue potenzialit\u00e0. Uno spazio in cui sentirsi accolti, ascoltati e incoraggiati a crescere, anche attraverso il confronto con esperienze diverse.<\/p>\n\n\n\n<p class=\"has-medium-font-size\">Alla fine del percorso, ogni partecipante ricever\u00e0 un <strong>Attestato di Partecipazione<\/strong>, riconosciuto ai fini dei <strong>crediti formativi<\/strong>.<br>Inoltre, sar\u00e0 invitato a esibirsi gratuitamente sul palco del <strong>Gala SALERNO DANZA d\u2019aMare<\/strong>, previsto nel mese di luglio 2026.<\/p>\n\n\n\n<p class=\"has-medium-font-size\"><em>Patrocinio: <\/em><strong>CID<\/strong> International Dance Council c\/o UNESCO<\/p>\n\n\n\n<p><\/p>\n","protected":false},"excerpt":{"rendered":"<p>Ci sono esperienze che arricchiscono, lasciano il segno e aiutano a guardare oltre. CONTEMPORANEA \u00e8 una di queste. Un progetto pensato per giovani danzatori e danzatrici che desiderano approfondire il linguaggio della danza contemporanea, in un contesto dedicato alla crescita personale e artistica. Un\u2019opportunit\u00e0 concreta per mettersi in gioco, sperimentare, confrontarsi con nuovi stimoli e lavorare al fianco di professionisti riconosciuti. Il percorso si sviluppa a Salerno, da marzo a luglio 2026, con un incontro al mese &#8211; sabato pomeriggio (JUNIOR) e domenica (SENIOR). Ogni weekend \u00e8 un momento speciale, pensato per ampliare le competenze tecniche ed espressive dei partecipanti, stimolando ricerca, creativit\u00e0 e condivisione. Due livelli di partecipazione: L\u2019accesso \u00e8 riservato ai vincitori di borsa di studio e a chi supera un\u2019audizione online con un video da inviare a: audizione@danzacontemporanea.euIl corso \u00e8 a numero chiuso, per garantire un\u2019attenzione mirata e un ambiente di lavoro sereno e stimolante. CONTEMPORANEA non propone un modello da seguire, ma un\u2019opportunit\u00e0 da vivere: un cammino che mette al centro ogni singolo allievo, i suoi tempi, la sua unicit\u00e0, le sue potenzialit\u00e0. Uno spazio in cui sentirsi accolti, ascoltati e incoraggiati a crescere, anche attraverso il confronto con esperienze diverse. Alla fine del percorso, ogni partecipante ricever\u00e0 un Attestato di Partecipazione, riconosciuto ai fini dei crediti formativi.Inoltre, sar\u00e0 invitato a esibirsi gratuitamente sul palco del Gala SALERNO DANZA d\u2019aMare, previsto nel mese di luglio 2026. Patrocinio: CID International Dance Council c\/o UNESCO<\/p>\n","protected":false},"author":1,"featured_media":0,"parent":0,"menu_order":0,"comment_status":"closed","ping_status":"closed","template":"","meta":{"footnotes":""},"class_list":["post-20","page","type-page","status-publish","hentry"],"acf":[],"_links":{"self":[{"href":"https:\/\/danzacontemporanea.eu\/index.php?rest_route=\/wp\/v2\/pages\/20","targetHints":{"allow":["GET"]}}],"collection":[{"href":"https:\/\/danzacontemporanea.eu\/index.php?rest_route=\/wp\/v2\/pages"}],"about":[{"href":"https:\/\/danzacontemporanea.eu\/index.php?rest_route=\/wp\/v2\/types\/page"}],"author":[{"embeddable":true,"href":"https:\/\/danzacontemporanea.eu\/index.php?rest_route=\/wp\/v2\/users\/1"}],"replies":[{"embeddable":true,"href":"https:\/\/danzacontemporanea.eu\/index.php?rest_route=%2Fwp%2Fv2%2Fcomments&post=20"}],"version-history":[{"count":9,"href":"https:\/\/danzacontemporanea.eu\/index.php?rest_route=\/wp\/v2\/pages\/20\/revisions"}],"predecessor-version":[{"id":85,"href":"https:\/\/danzacontemporanea.eu\/index.php?rest_route=\/wp\/v2\/pages\/20\/revisions\/85"}],"wp:attachment":[{"href":"https:\/\/danzacontemporanea.eu\/index.php?rest_route=%2Fwp%2Fv2%2Fmedia&parent=20"}],"curies":[{"name":"wp","href":"https:\/\/api.w.org\/{rel}","templated":true}]}}